{"id":278,"date":"2021-06-30T14:42:35","date_gmt":"2021-06-30T14:42:35","guid":{"rendered":"https:\/\/flar.com.br\/?page_id=278"},"modified":"2021-06-30T14:42:35","modified_gmt":"2021-06-30T14:42:35","slug":"casos-de-uso","status":"publish","type":"page","link":"https:\/\/www.automationhub.com.br\/index.php\/casos-de-uso\/","title":{"rendered":"Casos de Uso"},"content":{"rendered":"\t\t<div data-elementor-type=\"wp-page\" data-elementor-id=\"278\" class=\"elementor elementor-278\">\n\t\t\t\t\t\t\t\t\t<section class=\"elementor-section elementor-top-section elementor-element elementor-element-fc2dfac elementor-section-content-middle elementor-section-boxed elementor-section-height-default elementor-section-height-default\" data-id=\"fc2dfac\" data-element_type=\"section\">\n\t\t\t\t\t\t<div class=\"elementor-container elementor-column-gap-no\">\n\t\t\t\t\t<div class=\"elementor-column elementor-col-33 elementor-top-column elementor-element elementor-element-123155f\" data-id=\"123155f\" data-element_type=\"column\">\n\t\t\t<div class=\"elementor-widget-wrap elementor-element-populated\">\n\t\t\t\t\t\t\t\t<div class=\"elementor-element elementor-element-70aa553 elementor-widget elementor-widget-image\" data-id=\"70aa553\" data-element_type=\"widget\" data-widget_type=\"image.default\">\n\t\t\t\t<div class=\"elementor-widget-container\">\n\t\t\t<style>\/*! elementor - v3.14.0 - 26-06-2023 *\/\n.elementor-widget-image{text-align:center}.elementor-widget-image a{display:inline-block}.elementor-widget-image a img[src$=\".svg\"]{width:48px}.elementor-widget-image img{vertical-align:middle;display:inline-block}<\/style>\t\t\t\t\t\t\t\t\t\t\t\t\t<a href=\"https:\/\/flar.com.br\/\">\n\t\t\t\t\t\t\t<img loading=\"lazy\" decoding=\"async\" width=\"197\" height=\"85\" src=\"https:\/\/www.automationhub.com.br\/wp-content\/uploads\/2021\/06\/Logo-Flar-Consulting_header.jpg\" class=\"attachment-medium size-medium wp-image-98\" alt=\"\" \/>\t\t\t\t\t\t\t\t<\/a>\n\t\t\t\t\t\t\t\t\t\t\t\t\t\t\t<\/div>\n\t\t\t\t<\/div>\n\t\t\t\t\t<\/div>\n\t\t<\/div>\n\t\t\t\t<div class=\"elementor-column elementor-col-33 elementor-top-column elementor-element elementor-element-7be04a3\" data-id=\"7be04a3\" data-element_type=\"column\">\n\t\t\t<div class=\"elementor-widget-wrap\">\n\t\t\t\t\t\t\t\t\t<\/div>\n\t\t<\/div>\n\t\t\t\t<div class=\"elementor-column elementor-col-33 elementor-top-column elementor-element elementor-element-46e4982\" data-id=\"46e4982\" data-element_type=\"column\">\n\t\t\t<div class=\"elementor-widget-wrap elementor-element-populated\">\n\t\t\t\t\t\t\t\t<div class=\"elementor-element elementor-element-1a45c6e elementor-widget elementor-widget-text-editor\" data-id=\"1a45c6e\" data-element_type=\"widget\" data-widget_type=\"text-editor.default\">\n\t\t\t\t<div class=\"elementor-widget-container\">\n\t\t\t<style>\/*! elementor - v3.14.0 - 26-06-2023 *\/\n.elementor-widget-text-editor.elementor-drop-cap-view-stacked .elementor-drop-cap{background-color:#69727d;color:#fff}.elementor-widget-text-editor.elementor-drop-cap-view-framed .elementor-drop-cap{color:#69727d;border:3px solid;background-color:transparent}.elementor-widget-text-editor:not(.elementor-drop-cap-view-default) .elementor-drop-cap{margin-top:8px}.elementor-widget-text-editor:not(.elementor-drop-cap-view-default) .elementor-drop-cap-letter{width:1em;height:1em}.elementor-widget-text-editor .elementor-drop-cap{float:left;text-align:center;line-height:1;font-size:50px}.elementor-widget-text-editor .elementor-drop-cap-letter{display:inline-block}<\/style>\t\t\t\t<!-- GTranslate: https:\/\/gtranslate.io\/ -->\n<a href=\"#\" onclick=\"doGTranslate('pt|en');return false;\" title=\"English\" class=\"glink nturl notranslate\"><img loading=\"lazy\" decoding=\"async\" src=\"\/\/flar.com.br\/wp-content\/plugins\/gtranslate\/flags\/24\/en-us.png\" height=\"24\" width=\"24\" alt=\"English\" \/><\/a><a href=\"#\" onclick=\"doGTranslate('pt|pt');return false;\" title=\"Portuguese\" class=\"glink nturl notranslate\"><img loading=\"lazy\" decoding=\"async\" src=\"\/\/flar.com.br\/wp-content\/plugins\/gtranslate\/flags\/24\/pt-br.png\" height=\"24\" width=\"24\" alt=\"Portuguese\" \/><\/a><a href=\"#\" onclick=\"doGTranslate('pt|es');return false;\" title=\"Spanish\" class=\"glink nturl notranslate\"><img loading=\"lazy\" decoding=\"async\" src=\"\/\/flar.com.br\/wp-content\/plugins\/gtranslate\/flags\/24\/es.png\" height=\"24\" width=\"24\" alt=\"Spanish\" \/><\/a><style>\n#goog-gt-tt {display:none !important;}\n.goog-te-banner-frame {display:none !important;}\n.goog-te-menu-value:hover {text-decoration:none !important;}\n.goog-text-highlight {background-color:transparent !important;box-shadow:none !important;}\nbody {top:0 !important;}\n#google_translate_element2 {display:none!important;}\n<\/style>\n\n<div id=\"google_translate_element2\"><\/div>\n<script>\nfunction googleTranslateElementInit2() {new google.translate.TranslateElement({pageLanguage: 'pt',autoDisplay: false}, 'google_translate_element2');}\n<\/script><script src=\"\/\/translate.google.com\/translate_a\/element.js?cb=googleTranslateElementInit2\"><\/script>\n\n\n<script>\nfunction GTranslateGetCurrentLang() {var keyValue = document['cookie'].match('(^|;) ?googtrans=([^;]*)(;|$)');return keyValue ? keyValue[2].split('\/')[2] : null;}\nfunction GTranslateFireEvent(element,event){try{if(document.createEventObject){var evt=document.createEventObject();element.fireEvent('on'+event,evt)}else{var evt=document.createEvent('HTMLEvents');evt.initEvent(event,true,true);element.dispatchEvent(evt)}}catch(e){}}\nfunction doGTranslate(lang_pair){if(lang_pair.value)lang_pair=lang_pair.value;if(lang_pair=='')return;var lang=lang_pair.split('|')[1];if(GTranslateGetCurrentLang() == null && lang == lang_pair.split('|')[0])return;var teCombo;var sel=document.getElementsByTagName('select');for(var i=0;i<sel.length;i++)if(sel[i].className.indexOf('goog-te-combo')!=-1){teCombo=sel[i];break;}if(document.getElementById('google_translate_element2')==null||document.getElementById('google_translate_element2').innerHTML.length==0||teCombo.length==0||teCombo.innerHTML.length==0){setTimeout(function(){doGTranslate(lang_pair)},500)}else{teCombo.value=lang;GTranslateFireEvent(teCombo,'change');GTranslateFireEvent(teCombo,'change')}}\n<\/script>\n\t\t\t\t\t\t<\/div>\n\t\t\t\t<\/div>\n\t\t\t\t\t<\/div>\n\t\t<\/div>\n\t\t\t\t\t\t\t<\/div>\n\t\t<\/section>\n\t\t\t\t<section class=\"elementor-section elementor-top-section elementor-element elementor-element-ea6ec93 elementor-section-stretched elementor-section-boxed elementor-section-height-default elementor-section-height-default\" data-id=\"ea6ec93\" data-element_type=\"section\" data-settings=\"{&quot;stretch_section&quot;:&quot;section-stretched&quot;,&quot;background_background&quot;:&quot;classic&quot;}\">\n\t\t\t\t\t\t<div class=\"elementor-container elementor-column-gap-default\">\n\t\t\t\t\t<div class=\"elementor-column elementor-col-100 elementor-top-column elementor-element elementor-element-a37b111\" data-id=\"a37b111\" data-element_type=\"column\">\n\t\t\t<div class=\"elementor-widget-wrap\">\n\t\t\t\t\t\t\t\t\t<\/div>\n\t\t<\/div>\n\t\t\t\t\t\t\t<\/div>\n\t\t<\/section>\n\t\t\t\t<section class=\"elementor-section elementor-top-section elementor-element elementor-element-b4032c5 elementor-reverse-tablet elementor-reverse-mobile elementor-section-boxed elementor-section-height-default elementor-section-height-default\" data-id=\"b4032c5\" data-element_type=\"section\">\n\t\t\t\t\t\t<div class=\"elementor-container elementor-column-gap-default\">\n\t\t\t\t\t<div class=\"elementor-column elementor-col-100 elementor-top-column elementor-element elementor-element-93c679f\" data-id=\"93c679f\" data-element_type=\"column\">\n\t\t\t<div class=\"elementor-widget-wrap\">\n\t\t\t\t\t\t\t\t\t<\/div>\n\t\t<\/div>\n\t\t\t\t\t\t\t<\/div>\n\t\t<\/section>\n\t\t\t\t<section class=\"elementor-section elementor-top-section elementor-element elementor-element-6740514 elementor-section-boxed elementor-section-height-default elementor-section-height-default\" data-id=\"6740514\" data-element_type=\"section\" data-settings=\"{&quot;background_background&quot;:&quot;classic&quot;}\">\n\t\t\t\t\t\t<div class=\"elementor-container elementor-column-gap-default\">\n\t\t\t\t\t<div class=\"elementor-column elementor-col-100 elementor-top-column elementor-element elementor-element-fd57e4f\" data-id=\"fd57e4f\" data-element_type=\"column\">\n\t\t\t<div class=\"elementor-widget-wrap elementor-element-populated\">\n\t\t\t\t\t\t\t\t<section class=\"elementor-section elementor-inner-section elementor-element elementor-element-855cda3 elementor-section-boxed elementor-section-height-default elementor-section-height-default\" data-id=\"855cda3\" data-element_type=\"section\">\n\t\t\t\t\t\t<div class=\"elementor-container elementor-column-gap-default\">\n\t\t\t\t\t<div class=\"elementor-column elementor-col-50 elementor-inner-column elementor-element elementor-element-5e2be04\" data-id=\"5e2be04\" data-element_type=\"column\">\n\t\t\t<div class=\"elementor-widget-wrap elementor-element-populated\">\n\t\t\t\t\t\t\t\t<div class=\"elementor-element elementor-element-e6f4dc7 elementor-widget elementor-widget-text-editor\" data-id=\"e6f4dc7\" data-element_type=\"widget\" data-widget_type=\"text-editor.default\">\n\t\t\t\t<div class=\"elementor-widget-container\">\n\t\t\t\t\t\t\t<p>Siga-nos nas redes sociais!<\/p>\t\t\t\t\t\t<\/div>\n\t\t\t\t<\/div>\n\t\t\t\t<div class=\"elementor-element elementor-element-9720132 elementor-widget elementor-widget-image\" data-id=\"9720132\" data-element_type=\"widget\" data-widget_type=\"image.default\">\n\t\t\t\t<div class=\"elementor-widget-container\">\n\t\t\t\t\t\t\t\t\t\t\t\t\t\t\t<img loading=\"lazy\" decoding=\"async\" width=\"300\" height=\"134\" src=\"https:\/\/www.automationhub.com.br\/wp-content\/uploads\/2021\/06\/logo-flar-consulting-sem-fundo-300x134.png\" class=\"attachment-medium size-medium wp-image-119\" alt=\"\" srcset=\"https:\/\/www.automationhub.com.br\/wp-content\/uploads\/2021\/06\/logo-flar-consulting-sem-fundo-300x134.png 300w, https:\/\/www.automationhub.com.br\/wp-content\/uploads\/2021\/06\/logo-flar-consulting-sem-fundo.png 499w\" sizes=\"auto, (max-width: 300px) 100vw, 300px\" \/>\t\t\t\t\t\t\t\t\t\t\t\t\t\t\t<\/div>\n\t\t\t\t<\/div>\n\t\t\t\t<div class=\"elementor-element elementor-element-c6f8a96 elementor-widget elementor-widget-text-editor\" data-id=\"c6f8a96\" data-element_type=\"widget\" data-widget_type=\"text-editor.default\">\n\t\t\t\t<div class=\"elementor-widget-container\">\n\t\t\t\t\t\t\t<p>A FLAR Consulting vem provendo as melhores solu\u00e7\u00f5es para o mercado, integrando elevado conhecimento t\u00e9cnico e funcional relacionado as tecnologias Oracle (ERP, HCM, EPM\/BI, CRM e Middleware) e SAP (ERP, CRM, SCM, PLM, DW e BI).<\/p>\t\t\t\t\t\t<\/div>\n\t\t\t\t<\/div>\n\t\t\t\t\t<\/div>\n\t\t<\/div>\n\t\t\t\t<div class=\"elementor-column elementor-col-50 elementor-inner-column elementor-element elementor-element-c20c2d2\" data-id=\"c20c2d2\" data-element_type=\"column\">\n\t\t\t<div class=\"elementor-widget-wrap\">\n\t\t\t\t\t\t\t\t\t<\/div>\n\t\t<\/div>\n\t\t\t\t\t\t\t<\/div>\n\t\t<\/section>\n\t\t\t\t<section class=\"elementor-section elementor-inner-section elementor-element elementor-element-0b37d59 elementor-section-boxed elementor-section-height-default elementor-section-height-default\" data-id=\"0b37d59\" data-element_type=\"section\">\n\t\t\t\t\t\t<div class=\"elementor-container elementor-column-gap-default\">\n\t\t\t\t\t<div class=\"elementor-column elementor-col-100 elementor-inner-column elementor-element elementor-element-a1351fb\" data-id=\"a1351fb\" data-element_type=\"column\">\n\t\t\t<div class=\"elementor-widget-wrap\">\n\t\t\t\t\t\t\t\t\t<\/div>\n\t\t<\/div>\n\t\t\t\t\t\t\t<\/div>\n\t\t<\/section>\n\t\t\t\t\t<\/div>\n\t\t<\/div>\n\t\t\t\t\t\t\t<\/div>\n\t\t<\/section>\n\t\t\t\t\t\t\t<\/div>\n\t\t","protected":false},"excerpt":{"rendered":"<p>Servi\u00e7os RPA Pipefy Exemplos de Uso Cases de sucesso Casos de Uso Conte\u00fado E-book Blog Solicite Demo Quem Somos Vagas X Casos de Uso Confira os casos de uso de alguns dos rob\u00f4s que desenvolvemos: [table id=&#8221;2&#8243; responsive=&#8221;&#8221; responsive_breakpoint=&#8221;&#8221;] Siga-nos nas redes sociais! A FLAR Consulting vem provendo as melhores solu\u00e7\u00f5es para o mercado, integrando [&hellip;]<\/p>\n","protected":false},"author":1,"featured_media":0,"parent":0,"menu_order":0,"comment_status":"closed","ping_status":"closed","template":"elementor_canvas","meta":{"footnotes":""},"class_list":["post-278","page","type-page","status-publish","hentry"],"_links":{"self":[{"href":"https:\/\/www.automationhub.com.br\/index.php\/wp-json\/wp\/v2\/pages\/278","targetHints":{"allow":["GET"]}}],"collection":[{"href":"https:\/\/www.automationhub.com.br\/index.php\/wp-json\/wp\/v2\/pages"}],"about":[{"href":"https:\/\/www.automationhub.com.br\/index.php\/wp-json\/wp\/v2\/types\/page"}],"author":[{"embeddable":true,"href":"https:\/\/www.automationhub.com.br\/index.php\/wp-json\/wp\/v2\/users\/1"}],"replies":[{"embeddable":true,"href":"https:\/\/www.automationhub.com.br\/index.php\/wp-json\/wp\/v2\/comments?post=278"}],"version-history":[{"count":0,"href":"https:\/\/www.automationhub.com.br\/index.php\/wp-json\/wp\/v2\/pages\/278\/revisions"}],"wp:attachment":[{"href":"https:\/\/www.automationhub.com.br\/index.php\/wp-json\/wp\/v2\/media?parent=278"}],"curies":[{"name":"wp","href":"https:\/\/api.w.org\/{rel}","templated":true}]}}