{"id":54,"date":"2021-06-25T18:40:15","date_gmt":"2021-06-25T18:40:15","guid":{"rendered":"https:\/\/flar.com.br\/?page_id=54"},"modified":"2021-06-25T18:40:15","modified_gmt":"2021-06-25T18:40:15","slug":"e-book","status":"publish","type":"page","link":"https:\/\/www.automationhub.com.br\/index.php\/e-book\/","title":{"rendered":"E-book"},"content":{"rendered":"\t\t<div data-elementor-type=\"wp-page\" data-elementor-id=\"54\" class=\"elementor elementor-54\">\n\t\t\t\t\t\t\t\t\t<section class=\"elementor-section elementor-top-section elementor-element elementor-element-f6a00ba elementor-section-content-middle elementor-section-boxed elementor-section-height-default elementor-section-height-default\" data-id=\"f6a00ba\" data-element_type=\"section\">\n\t\t\t\t\t\t<div class=\"elementor-container elementor-column-gap-no\">\n\t\t\t\t\t<div class=\"elementor-column elementor-col-33 elementor-top-column elementor-element elementor-element-12523c2\" data-id=\"12523c2\" data-element_type=\"column\">\n\t\t\t<div class=\"elementor-widget-wrap elementor-element-populated\">\n\t\t\t\t\t\t\t\t<div class=\"elementor-element elementor-element-4776bf4 elementor-widget elementor-widget-image\" data-id=\"4776bf4\" data-element_type=\"widget\" data-widget_type=\"image.default\">\n\t\t\t\t<div class=\"elementor-widget-container\">\n\t\t\t<style>\/*! elementor - v3.14.0 - 26-06-2023 *\/\n.elementor-widget-image{text-align:center}.elementor-widget-image a{display:inline-block}.elementor-widget-image a img[src$=\".svg\"]{width:48px}.elementor-widget-image img{vertical-align:middle;display:inline-block}<\/style>\t\t\t\t\t\t\t\t\t\t\t\t\t<a href=\"https:\/\/flar.com.br\/\">\n\t\t\t\t\t\t\t<img loading=\"lazy\" decoding=\"async\" width=\"197\" height=\"85\" src=\"https:\/\/www.automationhub.com.br\/wp-content\/uploads\/2021\/06\/Logo-Flar-Consulting_header.jpg\" class=\"attachment-medium size-medium wp-image-98\" alt=\"\" \/>\t\t\t\t\t\t\t\t<\/a>\n\t\t\t\t\t\t\t\t\t\t\t\t\t\t\t<\/div>\n\t\t\t\t<\/div>\n\t\t\t\t\t<\/div>\n\t\t<\/div>\n\t\t\t\t<div class=\"elementor-column elementor-col-33 elementor-top-column elementor-element elementor-element-812be1a\" data-id=\"812be1a\" data-element_type=\"column\">\n\t\t\t<div class=\"elementor-widget-wrap\">\n\t\t\t\t\t\t\t\t\t<\/div>\n\t\t<\/div>\n\t\t\t\t<div class=\"elementor-column elementor-col-33 elementor-top-column elementor-element elementor-element-2e72438\" data-id=\"2e72438\" data-element_type=\"column\">\n\t\t\t<div class=\"elementor-widget-wrap elementor-element-populated\">\n\t\t\t\t\t\t\t\t<div class=\"elementor-element elementor-element-42aef40 elementor-widget elementor-widget-text-editor\" data-id=\"42aef40\" data-element_type=\"widget\" data-widget_type=\"text-editor.default\">\n\t\t\t\t<div class=\"elementor-widget-container\">\n\t\t\t<style>\/*! elementor - v3.14.0 - 26-06-2023 *\/\n.elementor-widget-text-editor.elementor-drop-cap-view-stacked .elementor-drop-cap{background-color:#69727d;color:#fff}.elementor-widget-text-editor.elementor-drop-cap-view-framed .elementor-drop-cap{color:#69727d;border:3px solid;background-color:transparent}.elementor-widget-text-editor:not(.elementor-drop-cap-view-default) .elementor-drop-cap{margin-top:8px}.elementor-widget-text-editor:not(.elementor-drop-cap-view-default) .elementor-drop-cap-letter{width:1em;height:1em}.elementor-widget-text-editor .elementor-drop-cap{float:left;text-align:center;line-height:1;font-size:50px}.elementor-widget-text-editor .elementor-drop-cap-letter{display:inline-block}<\/style>\t\t\t\t<!-- GTranslate: https:\/\/gtranslate.io\/ -->\n<a href=\"#\" onclick=\"doGTranslate('pt|en');return false;\" title=\"English\" class=\"glink nturl notranslate\"><img loading=\"lazy\" decoding=\"async\" src=\"\/\/flar.com.br\/wp-content\/plugins\/gtranslate\/flags\/24\/en-us.png\" height=\"24\" width=\"24\" alt=\"English\" \/><\/a><a href=\"#\" onclick=\"doGTranslate('pt|pt');return false;\" title=\"Portuguese\" class=\"glink nturl notranslate\"><img loading=\"lazy\" decoding=\"async\" src=\"\/\/flar.com.br\/wp-content\/plugins\/gtranslate\/flags\/24\/pt-br.png\" height=\"24\" width=\"24\" alt=\"Portuguese\" \/><\/a><a href=\"#\" onclick=\"doGTranslate('pt|es');return false;\" title=\"Spanish\" class=\"glink nturl notranslate\"><img loading=\"lazy\" decoding=\"async\" src=\"\/\/flar.com.br\/wp-content\/plugins\/gtranslate\/flags\/24\/es.png\" height=\"24\" width=\"24\" alt=\"Spanish\" \/><\/a><style>\n#goog-gt-tt {display:none !important;}\n.goog-te-banner-frame {display:none !important;}\n.goog-te-menu-value:hover {text-decoration:none !important;}\n.goog-text-highlight {background-color:transparent !important;box-shadow:none !important;}\nbody {top:0 !important;}\n#google_translate_element2 {display:none!important;}\n<\/style>\n\n<div id=\"google_translate_element2\"><\/div>\n<script>\nfunction googleTranslateElementInit2() {new google.translate.TranslateElement({pageLanguage: 'pt',autoDisplay: false}, 'google_translate_element2');}\n<\/script><script src=\"\/\/translate.google.com\/translate_a\/element.js?cb=googleTranslateElementInit2\"><\/script>\n\n\n<script>\nfunction GTranslateGetCurrentLang() {var keyValue = document['cookie'].match('(^|;) ?googtrans=([^;]*)(;|$)');return keyValue ? keyValue[2].split('\/')[2] : null;}\nfunction GTranslateFireEvent(element,event){try{if(document.createEventObject){var evt=document.createEventObject();element.fireEvent('on'+event,evt)}else{var evt=document.createEvent('HTMLEvents');evt.initEvent(event,true,true);element.dispatchEvent(evt)}}catch(e){}}\nfunction doGTranslate(lang_pair){if(lang_pair.value)lang_pair=lang_pair.value;if(lang_pair=='')return;var lang=lang_pair.split('|')[1];if(GTranslateGetCurrentLang() == null && lang == lang_pair.split('|')[0])return;var teCombo;var sel=document.getElementsByTagName('select');for(var i=0;i<sel.length;i++)if(sel[i].className.indexOf('goog-te-combo')!=-1){teCombo=sel[i];break;}if(document.getElementById('google_translate_element2')==null||document.getElementById('google_translate_element2').innerHTML.length==0||teCombo.length==0||teCombo.innerHTML.length==0){setTimeout(function(){doGTranslate(lang_pair)},500)}else{teCombo.value=lang;GTranslateFireEvent(teCombo,'change');GTranslateFireEvent(teCombo,'change')}}\n<\/script>\n\t\t\t\t\t\t<\/div>\n\t\t\t\t<\/div>\n\t\t\t\t\t<\/div>\n\t\t<\/div>\n\t\t\t\t\t\t\t<\/div>\n\t\t<\/section>\n\t\t\t\t<section class=\"elementor-section elementor-top-section elementor-element elementor-element-c09e278 elementor-section-content-top elementor-section-boxed elementor-section-height-default elementor-section-height-default\" data-id=\"c09e278\" data-element_type=\"section\" data-settings=\"{&quot;background_background&quot;:&quot;classic&quot;}\">\n\t\t\t\t\t\t<div class=\"elementor-container elementor-column-gap-default\">\n\t\t\t\t\t<div class=\"elementor-column elementor-col-50 elementor-top-column elementor-element elementor-element-79f1a6d4\" data-id=\"79f1a6d4\" data-element_type=\"column\">\n\t\t\t<div class=\"elementor-widget-wrap elementor-element-populated\">\n\t\t\t\t\t\t\t\t<section class=\"elementor-section elementor-inner-section elementor-element elementor-element-79cf3dd1 elementor-section-boxed elementor-section-height-default elementor-section-height-default\" data-id=\"79cf3dd1\" data-element_type=\"section\">\n\t\t\t\t\t\t<div class=\"elementor-container elementor-column-gap-default\">\n\t\t\t\t\t<div class=\"elementor-column elementor-col-100 elementor-inner-column elementor-element elementor-element-4110d9aa\" data-id=\"4110d9aa\" data-element_type=\"column\">\n\t\t\t<div class=\"elementor-widget-wrap\">\n\t\t\t\t\t\t\t\t\t<\/div>\n\t\t<\/div>\n\t\t\t\t\t\t\t<\/div>\n\t\t<\/section>\n\t\t\t\t\t<\/div>\n\t\t<\/div>\n\t\t\t\t<div class=\"elementor-column elementor-col-50 elementor-top-column elementor-element elementor-element-291f3c8d\" data-id=\"291f3c8d\" data-element_type=\"column\">\n\t\t\t<div class=\"elementor-widget-wrap elementor-element-populated\">\n\t\t\t\t\t\t\t\t<section class=\"elementor-section elementor-inner-section elementor-element elementor-element-38c3891e elementor-section-boxed elementor-section-height-default elementor-section-height-default\" data-id=\"38c3891e\" data-element_type=\"section\">\n\t\t\t\t\t\t<div class=\"elementor-container elementor-column-gap-default\">\n\t\t\t\t\t<div class=\"elementor-column elementor-col-100 elementor-inner-column elementor-element elementor-element-2a6eb361\" data-id=\"2a6eb361\" data-element_type=\"column\" data-settings=\"{&quot;background_background&quot;:&quot;classic&quot;}\">\n\t\t\t<div class=\"elementor-widget-wrap\">\n\t\t\t\t\t\t\t\t\t<\/div>\n\t\t<\/div>\n\t\t\t\t\t\t\t<\/div>\n\t\t<\/section>\n\t\t\t\t\t<\/div>\n\t\t<\/div>\n\t\t\t\t\t\t\t<\/div>\n\t\t<\/section>\n\t\t\t\t<section class=\"elementor-section elementor-top-section elementor-element elementor-element-6dc81c99 elementor-section-boxed elementor-section-height-default elementor-section-height-default\" data-id=\"6dc81c99\" data-element_type=\"section\">\n\t\t\t\t\t\t<div class=\"elementor-container elementor-column-gap-default\">\n\t\t\t\t\t<div class=\"elementor-column elementor-col-100 elementor-top-column elementor-element elementor-element-5738bc59\" data-id=\"5738bc59\" data-element_type=\"column\">\n\t\t\t<div class=\"elementor-widget-wrap\">\n\t\t\t\t\t\t\t\t\t<\/div>\n\t\t<\/div>\n\t\t\t\t\t\t\t<\/div>\n\t\t<\/section>\n\t\t\t\t<section class=\"elementor-section elementor-top-section elementor-element elementor-element-72f02152 elementor-section-content-middle elementor-section-boxed elementor-section-height-default elementor-section-height-default\" data-id=\"72f02152\" data-element_type=\"section\">\n\t\t\t\t\t\t<div class=\"elementor-container elementor-column-gap-wide\">\n\t\t\t\t\t<div class=\"elementor-column elementor-col-50 elementor-top-column elementor-element elementor-element-65ac913a\" data-id=\"65ac913a\" data-element_type=\"column\">\n\t\t\t<div class=\"elementor-widget-wrap elementor-element-populated\">\n\t\t\t\t\t\t\t\t<div class=\"elementor-element elementor-element-f8ddc54 elementor-widget elementor-widget-text-editor\" data-id=\"f8ddc54\" data-element_type=\"widget\" data-widget_type=\"text-editor.default\">\n\t\t\t\t<div class=\"elementor-widget-container\">\n\t\t\t\t\t\t\t<p>H\u00e1 mais de 20 anos a Flar Consulting est\u00e1 no mercado de TI atuando em empresas de diversos segmentos como agroneg\u00f3cio, ind\u00fastrias, empresas de varejo, servi\u00e7os e institui\u00e7\u00f5es financeiras, sendo reconhecida por mais de 250 clientes.<\/p>\n<p>Com nosso Knowhow de implementa\u00e7\u00e3o conciliado com a expertise de nossos colaboradores j\u00e1 geramos &nbsp;para nossos clientes otimiza\u00e7\u00e3o de mais de 120.000 horas.<\/p>\t\t\t\t\t\t<\/div>\n\t\t\t\t<\/div>\n\t\t\t\t\t<\/div>\n\t\t<\/div>\n\t\t\t\t<div class=\"elementor-column elementor-col-50 elementor-top-column elementor-element elementor-element-613e5de3\" data-id=\"613e5de3\" data-element_type=\"column\">\n\t\t\t<div class=\"elementor-widget-wrap elementor-element-populated\">\n\t\t\t\t\t\t\t\t<div class=\"elementor-element elementor-element-6e3c8d44 elementor-widget elementor-widget-text-editor\" data-id=\"6e3c8d44\" data-element_type=\"widget\" data-widget_type=\"text-editor.default\">\n\t\t\t\t<div class=\"elementor-widget-container\">\n\t\t\t\t\t\t\t<p>+ 21 anos de mercado<br \/>+ 250 clientes<br \/>+ 800 projetos entregues<br \/>+ 150 consultores<br \/>33 clientes base<\/p>\t\t\t\t\t\t<\/div>\n\t\t\t\t<\/div>\n\t\t\t\t\t<\/div>\n\t\t<\/div>\n\t\t\t\t\t\t\t<\/div>\n\t\t<\/section>\n\t\t\t\t<section class=\"elementor-section elementor-top-section elementor-element elementor-element-14cfe79 elementor-section-boxed elementor-section-height-default elementor-section-height-default\" data-id=\"14cfe79\" data-element_type=\"section\">\n\t\t\t\t\t\t<div class=\"elementor-container elementor-column-gap-default\">\n\t\t\t\t\t<div class=\"elementor-column elementor-col-100 elementor-top-column elementor-element elementor-element-0f9bda6\" data-id=\"0f9bda6\" data-element_type=\"column\">\n\t\t\t<div class=\"elementor-widget-wrap elementor-element-populated\">\n\t\t\t\t\t\t\t\t<div class=\"elementor-element elementor-element-3cd0382 elementor-widget elementor-widget-image\" data-id=\"3cd0382\" data-element_type=\"widget\" data-widget_type=\"image.default\">\n\t\t\t\t<div class=\"elementor-widget-container\">\n\t\t\t\t\t\t\t\t\t\t\t\t\t\t\t<img loading=\"lazy\" decoding=\"async\" width=\"768\" height=\"390\" src=\"https:\/\/www.automationhub.com.br\/wp-content\/uploads\/2022\/04\/CLIENTES_segmentos_atualizado_22-min-scaled-1-768x390.jpg\" class=\"attachment-medium_large size-medium_large wp-image-1948\" alt=\"\" srcset=\"https:\/\/www.automationhub.com.br\/wp-content\/uploads\/2022\/04\/CLIENTES_segmentos_atualizado_22-min-scaled-1-768x390.jpg 768w, https:\/\/www.automationhub.com.br\/wp-content\/uploads\/2022\/04\/CLIENTES_segmentos_atualizado_22-min-scaled-1-300x152.jpg 300w, https:\/\/www.automationhub.com.br\/wp-content\/uploads\/2022\/04\/CLIENTES_segmentos_atualizado_22-min-scaled-1-1024x520.jpg 1024w, https:\/\/www.automationhub.com.br\/wp-content\/uploads\/2022\/04\/CLIENTES_segmentos_atualizado_22-min-scaled-1-1536x781.jpg 1536w, https:\/\/www.automationhub.com.br\/wp-content\/uploads\/2022\/04\/CLIENTES_segmentos_atualizado_22-min-scaled-1-2048x1041.jpg 2048w\" sizes=\"auto, (max-width: 768px) 100vw, 768px\" \/>\t\t\t\t\t\t\t\t\t\t\t\t\t\t\t<\/div>\n\t\t\t\t<\/div>\n\t\t\t\t\t<\/div>\n\t\t<\/div>\n\t\t\t\t\t\t\t<\/div>\n\t\t<\/section>\n\t\t\t\t<section class=\"elementor-section elementor-top-section elementor-element elementor-element-1f13094 elementor-section-boxed elementor-section-height-default elementor-section-height-default\" data-id=\"1f13094\" data-element_type=\"section\">\n\t\t\t\t\t\t<div class=\"elementor-container elementor-column-gap-default\">\n\t\t\t\t\t<div class=\"elementor-column elementor-col-100 elementor-top-column elementor-element elementor-element-f96b16c\" data-id=\"f96b16c\" data-element_type=\"column\">\n\t\t\t<div class=\"elementor-widget-wrap elementor-element-populated\">\n\t\t\t\t\t\t\t\t<div class=\"elementor-element elementor-element-7d50e7f elementor-widget elementor-widget-image\" data-id=\"7d50e7f\" data-element_type=\"widget\" data-widget_type=\"image.default\">\n\t\t\t\t<div class=\"elementor-widget-container\">\n\t\t\t\t\t\t\t\t\t\t\t\t\t\t\t<img loading=\"lazy\" decoding=\"async\" width=\"741\" height=\"379\" src=\"https:\/\/www.automationhub.com.br\/wp-content\/uploads\/2022\/04\/parceiros.jpg\" class=\"attachment-large size-large wp-image-1825\" alt=\"\" srcset=\"https:\/\/www.automationhub.com.br\/wp-content\/uploads\/2022\/04\/parceiros.jpg 741w, https:\/\/www.automationhub.com.br\/wp-content\/uploads\/2022\/04\/parceiros-300x153.jpg 300w\" sizes=\"auto, (max-width: 741px) 100vw, 741px\" \/>\t\t\t\t\t\t\t\t\t\t\t\t\t\t\t<\/div>\n\t\t\t\t<\/div>\n\t\t\t\t\t<\/div>\n\t\t<\/div>\n\t\t\t\t\t\t\t<\/div>\n\t\t<\/section>\n\t\t\t\t<section class=\"elementor-section elementor-top-section elementor-element elementor-element-2d89470 elementor-section-boxed elementor-section-height-default elementor-section-height-default\" data-id=\"2d89470\" data-element_type=\"section\" data-settings=\"{&quot;background_background&quot;:&quot;classic&quot;}\">\n\t\t\t\t\t\t<div class=\"elementor-container elementor-column-gap-default\">\n\t\t\t\t\t<div class=\"elementor-column elementor-col-100 elementor-top-column elementor-element elementor-element-b63ec12\" data-id=\"b63ec12\" data-element_type=\"column\">\n\t\t\t<div class=\"elementor-widget-wrap elementor-element-populated\">\n\t\t\t\t\t\t\t\t<section class=\"elementor-section elementor-inner-section elementor-element elementor-element-bf20a64 elementor-section-boxed elementor-section-height-default elementor-section-height-default\" data-id=\"bf20a64\" data-element_type=\"section\">\n\t\t\t\t\t\t<div class=\"elementor-container elementor-column-gap-default\">\n\t\t\t\t\t<div class=\"elementor-column elementor-col-50 elementor-inner-column elementor-element elementor-element-8960850\" data-id=\"8960850\" data-element_type=\"column\">\n\t\t\t<div class=\"elementor-widget-wrap elementor-element-populated\">\n\t\t\t\t\t\t\t\t<div class=\"elementor-element elementor-element-98ce315 elementor-widget elementor-widget-text-editor\" data-id=\"98ce315\" data-element_type=\"widget\" data-widget_type=\"text-editor.default\">\n\t\t\t\t<div class=\"elementor-widget-container\">\n\t\t\t\t\t\t\t<p>Siga-nos nas redes sociais!<\/p>\t\t\t\t\t\t<\/div>\n\t\t\t\t<\/div>\n\t\t\t\t<div class=\"elementor-element elementor-element-8b3a007 elementor-widget elementor-widget-image\" data-id=\"8b3a007\" data-element_type=\"widget\" data-widget_type=\"image.default\">\n\t\t\t\t<div class=\"elementor-widget-container\">\n\t\t\t\t\t\t\t\t\t\t\t\t\t\t\t<img loading=\"lazy\" decoding=\"async\" width=\"300\" height=\"134\" src=\"https:\/\/www.automationhub.com.br\/wp-content\/uploads\/2021\/06\/logo-flar-consulting-sem-fundo-300x134.png\" class=\"attachment-medium size-medium wp-image-119\" alt=\"\" srcset=\"https:\/\/www.automationhub.com.br\/wp-content\/uploads\/2021\/06\/logo-flar-consulting-sem-fundo-300x134.png 300w, https:\/\/www.automationhub.com.br\/wp-content\/uploads\/2021\/06\/logo-flar-consulting-sem-fundo.png 499w\" sizes=\"auto, (max-width: 300px) 100vw, 300px\" \/>\t\t\t\t\t\t\t\t\t\t\t\t\t\t\t<\/div>\n\t\t\t\t<\/div>\n\t\t\t\t<div class=\"elementor-element elementor-element-25e7df0 elementor-widget elementor-widget-text-editor\" data-id=\"25e7df0\" data-element_type=\"widget\" data-widget_type=\"text-editor.default\">\n\t\t\t\t<div class=\"elementor-widget-container\">\n\t\t\t\t\t\t\t<p>A FLAR Consulting vem provendo as melhores solu\u00e7\u00f5es para o mercado, integrando elevado conhecimento t\u00e9cnico e funcional relacionado as tecnologias Oracle (ERP, HCM, EPM\/BI, CRM e Middleware) e SAP (ERP, CRM, SCM, PLM, DW e BI).<\/p>\t\t\t\t\t\t<\/div>\n\t\t\t\t<\/div>\n\t\t\t\t\t<\/div>\n\t\t<\/div>\n\t\t\t\t<div class=\"elementor-column elementor-col-50 elementor-inner-column elementor-element elementor-element-2a51130\" data-id=\"2a51130\" data-element_type=\"column\">\n\t\t\t<div class=\"elementor-widget-wrap\">\n\t\t\t\t\t\t\t\t\t<\/div>\n\t\t<\/div>\n\t\t\t\t\t\t\t<\/div>\n\t\t<\/section>\n\t\t\t\t<section class=\"elementor-section elementor-inner-section elementor-element elementor-element-a08955a elementor-section-boxed elementor-section-height-default elementor-section-height-default\" data-id=\"a08955a\" data-element_type=\"section\">\n\t\t\t\t\t\t<div class=\"elementor-container elementor-column-gap-default\">\n\t\t\t\t\t<div class=\"elementor-column elementor-col-100 elementor-inner-column elementor-element elementor-element-29fe8cc\" data-id=\"29fe8cc\" data-element_type=\"column\">\n\t\t\t<div class=\"elementor-widget-wrap\">\n\t\t\t\t\t\t\t\t\t<\/div>\n\t\t<\/div>\n\t\t\t\t\t\t\t<\/div>\n\t\t<\/section>\n\t\t\t\t\t<\/div>\n\t\t<\/div>\n\t\t\t\t\t\t\t<\/div>\n\t\t<\/section>\n\t\t\t\t\t\t\t<\/div>\n\t\t","protected":false},"excerpt":{"rendered":"<p>Servi\u00e7os RPA Oracle SAP Pipefy Solu\u00e7\u00f5es \u00c1geis Governan\u00e7a Conte\u00fado Cases de sucesso Casos de Uso E-book Blog Solicite Demo Quem Somos Vagas Home X E-book RPA Preencha o cadastro e em breve voc\u00ea receber\u00e1 gratuitamente nosso e-book via e-mail. Seu nome Seu e-mail Seu telefone Sua empresa Li e concordo com os termos de Pol\u00edtica [&hellip;]<\/p>\n","protected":false},"author":1,"featured_media":0,"parent":0,"menu_order":0,"comment_status":"closed","ping_status":"closed","template":"elementor_canvas","meta":{"footnotes":""},"class_list":["post-54","page","type-page","status-publish","hentry"],"_links":{"self":[{"href":"https:\/\/www.automationhub.com.br\/index.php\/wp-json\/wp\/v2\/pages\/54","targetHints":{"allow":["GET"]}}],"collection":[{"href":"https:\/\/www.automationhub.com.br\/index.php\/wp-json\/wp\/v2\/pages"}],"about":[{"href":"https:\/\/www.automationhub.com.br\/index.php\/wp-json\/wp\/v2\/types\/page"}],"author":[{"embeddable":true,"href":"https:\/\/www.automationhub.com.br\/index.php\/wp-json\/wp\/v2\/users\/1"}],"replies":[{"embeddable":true,"href":"https:\/\/www.automationhub.com.br\/index.php\/wp-json\/wp\/v2\/comments?post=54"}],"version-history":[{"count":0,"href":"https:\/\/www.automationhub.com.br\/index.php\/wp-json\/wp\/v2\/pages\/54\/revisions"}],"wp:attachment":[{"href":"https:\/\/www.automationhub.com.br\/index.php\/wp-json\/wp\/v2\/media?parent=54"}],"curies":[{"name":"wp","href":"https:\/\/api.w.org\/{rel}","templated":true}]}}